{"id":7658,"date":"2024-09-12T17:29:56","date_gmt":"2024-09-12T15:29:56","guid":{"rendered":"https:\/\/www.plataformadenaria.com\/?page_id=7658"},"modified":"2025-11-21T09:58:28","modified_gmt":"2025-11-21T08:58:28","slug":"about-us","status":"publish","type":"page","link":"https:\/\/www.plataformadenaria.com\/en\/about-us\/","title":{"rendered":"About us"},"content":{"rendered":"\t\t<div data-elementor-type=\"wp-page\" data-elementor-id=\"7658\" class=\"elementor elementor-7658 elementor-7599\">\n\t\t\t\t\t\t<section class=\"elementor-section elementor-top-section elementor-element elementor-element-eaaeb95 section section-modern-orange section-bg-logo elementor-section-boxed elementor-section-height-default elementor-section-height-default\" data-id=\"eaaeb95\" data-element_type=\"section\">\n\t\t\t\t\t\t<div class=\"elementor-container elementor-column-gap-default\">\n\t\t\t\t\t<div class=\"elementor-column elementor-col-100 elementor-top-column elementor-element elementor-element-f428739\" data-id=\"f428739\" data-element_type=\"column\">\n\t\t\t<div class=\"elementor-widget-wrap elementor-element-populated\">\n\t\t\t\t\t\t<div class=\"elementor-element elementor-element-790f870 page-title elementor-widget elementor-widget-text-editor\" data-id=\"790f870\" data-element_type=\"widget\" data-widget_type=\"text-editor.default\">\n\t\t\t\t<div class=\"elementor-widget-container\">\n\t\t\t\t\t\t\t\t\t<h1>About us<\/h1>\t\t\t\t\t\t\t\t<\/div>\n\t\t\t\t<\/div>\n\t\t\t\t<div class=\"elementor-element elementor-element-b324781 tabs-sobre-nosotros elementor-tabs-view-horizontal elementor-widget elementor-widget-tabs\" data-id=\"b324781\" data-element_type=\"widget\" data-widget_type=\"tabs.default\">\n\t\t\t\t<div class=\"elementor-widget-container\">\n\t\t\t\t\t\t\t<div class=\"elementor-tabs\">\n\t\t\t<div class=\"elementor-tabs-wrapper\" role=\"tablist\" >\n\t\t\t\t\t\t\t\t\t<div id=\"elementor-tab-title-1871\" class=\"elementor-tab-title elementor-tab-desktop-title\" aria-selected=\"true\" data-tab=\"1\" role=\"tab\" tabindex=\"0\" aria-controls=\"elementor-tab-content-1871\" aria-expanded=\"false\">What is Plataforma Denaria?<\/div>\n\t\t\t\t\t\t\t\t\t<div id=\"elementor-tab-title-1872\" class=\"elementor-tab-title elementor-tab-desktop-title\" aria-selected=\"false\" data-tab=\"2\" role=\"tab\" tabindex=\"-1\" aria-controls=\"elementor-tab-content-1872\" aria-expanded=\"false\">Contact<\/div>\n\t\t\t\t\t\t\t\t\t<div id=\"elementor-tab-title-1873\" class=\"elementor-tab-title elementor-tab-desktop-title\" aria-selected=\"false\" data-tab=\"3\" role=\"tab\" tabindex=\"-1\" aria-controls=\"elementor-tab-content-1873\" aria-expanded=\"false\">Press<\/div>\n\t\t\t\t\t\t\t<\/div>\n\t\t\t<div class=\"elementor-tabs-content-wrapper\" role=\"tablist\" aria-orientation=\"vertical\">\n\t\t\t\t\t\t\t\t\t<div class=\"elementor-tab-title elementor-tab-mobile-title\" aria-selected=\"true\" data-tab=\"1\" role=\"tab\" tabindex=\"0\" aria-controls=\"elementor-tab-content-1871\" aria-expanded=\"false\">What is Plataforma Denaria?<\/div>\n\t\t\t\t\t<div id=\"elementor-tab-content-1871\" class=\"elementor-tab-content elementor-clearfix\" data-tab=\"1\" role=\"tabpanel\" aria-labelledby=\"elementor-tab-title-1871\" tabindex=\"0\" hidden=\"false\"><p>Plataforma Denaria is an association that brings together common interests in the defense of cash and that aims to alert about the risks of limiting cash as a method of payment while highlighting the importance of cash as a cost effective, secure, sustainable, and familiar alternative.<\/p><p>Corporate Members of Plataforma Denaria are: Trablisa, Eurodivisas, Sicpa, Loomis, Giesecke + Devrient, Prosegur Cash, Gunnebo, Euronet, Eurotechzam and Euro Automatic Cash.<\/p><p>Members of the Governing Board are: Javier Rup\u00e9rez (president), Alejandro Corominas (Loomis), Miguel Bandr\u00e9s (Prosegur Cash), Jos\u00e9 Manuel Salamero (Gunnebo), Miguel Bordoy (Trablisa) and Mart\u00edn Sarobe (SICPA Spain S.L.U.).<\/p><p>Members of the Advisory Council are: Francisco Fonseca and Juan Luis S\u00e1nchez-Moreno.<\/p><h3>Participating organizations:<\/h3><div><a href=\"https:\/\/cermi.es\/\" target=\"_blank\" rel=\"noopener\"><img decoding=\"async\" class=\"alignnone wp-image-7696\" src=\"https:\/\/www.plataformadenaria.com\/wp-content\/uploads\/2024\/09\/cermi.png\" alt=\"\" width=\"125\" height=\"125\" srcset=\"https:\/\/www.plataformadenaria.com\/wp-content\/uploads\/2024\/09\/cermi.png 300w, https:\/\/www.plataformadenaria.com\/wp-content\/uploads\/2024\/09\/cermi-1024x1024.png 1024w, https:\/\/www.plataformadenaria.com\/wp-content\/uploads\/2024\/09\/cermi-150x150.png 150w, https:\/\/www.plataformadenaria.com\/wp-content\/uploads\/2024\/09\/cermi-768x768.png 768w, https:\/\/www.plataformadenaria.com\/wp-content\/uploads\/2024\/09\/cermi-1536x1536.png 1536w, https:\/\/www.plataformadenaria.com\/wp-content\/uploads\/2024\/09\/cermi-2048x2048.png 2048w, https:\/\/www.plataformadenaria.com\/wp-content\/uploads\/2024\/09\/cermi-900x900.png 900w\" sizes=\"(max-width: 125px) 100vw, 125px\" \/> <\/a><a href=\"https:\/\/ceoma.org\/\" target=\"_blank\" rel=\"noopener\"><img decoding=\"async\" class=\"alignnone wp-image-7694\" src=\"https:\/\/www.plataformadenaria.com\/wp-content\/uploads\/2024\/09\/ceoma.png\" alt=\"\" width=\"125\" height=\"125\" srcset=\"https:\/\/www.plataformadenaria.com\/wp-content\/uploads\/2024\/09\/ceoma.png 300w, https:\/\/www.plataformadenaria.com\/wp-content\/uploads\/2024\/09\/ceoma-1024x1024.png 1024w, https:\/\/www.plataformadenaria.com\/wp-content\/uploads\/2024\/09\/ceoma-150x150.png 150w, https:\/\/www.plataformadenaria.com\/wp-content\/uploads\/2024\/09\/ceoma-768x768.png 768w, https:\/\/www.plataformadenaria.com\/wp-content\/uploads\/2024\/09\/ceoma-1536x1536.png 1536w, https:\/\/www.plataformadenaria.com\/wp-content\/uploads\/2024\/09\/ceoma-2048x2048.png 2048w, https:\/\/www.plataformadenaria.com\/wp-content\/uploads\/2024\/09\/ceoma-900x900.png 900w\" sizes=\"(max-width: 125px) 100vw, 125px\" \/><\/a> <a href=\"https:\/\/www.afammer.es\/\" target=\"_blank\" rel=\"noopener\"><img decoding=\"async\" class=\"alignnone wp-image-7692\" src=\"https:\/\/www.plataformadenaria.com\/wp-content\/uploads\/2024\/09\/afammer.png\" alt=\"\" width=\"125\" height=\"125\" srcset=\"https:\/\/www.plataformadenaria.com\/wp-content\/uploads\/2024\/09\/afammer.png 300w, https:\/\/www.plataformadenaria.com\/wp-content\/uploads\/2024\/09\/afammer-1024x1024.png 1024w, https:\/\/www.plataformadenaria.com\/wp-content\/uploads\/2024\/09\/afammer-150x150.png 150w, https:\/\/www.plataformadenaria.com\/wp-content\/uploads\/2024\/09\/afammer-768x768.png 768w, https:\/\/www.plataformadenaria.com\/wp-content\/uploads\/2024\/09\/afammer-1536x1536.png 1536w, https:\/\/www.plataformadenaria.com\/wp-content\/uploads\/2024\/09\/afammer-2048x2048.png 2048w, https:\/\/www.plataformadenaria.com\/wp-content\/uploads\/2024\/09\/afammer-900x900.png 900w\" sizes=\"(max-width: 125px) 100vw, 125px\" \/><\/a> <a href=\"https:\/\/www.sindromedown.net\/\" target=\"_blank\" rel=\"noopener\"><img loading=\"lazy\" decoding=\"async\" class=\"alignnone wp-image-7698\" src=\"https:\/\/www.plataformadenaria.com\/wp-content\/uploads\/2024\/09\/down-espana.png\" alt=\"\" width=\"125\" height=\"125\" srcset=\"https:\/\/www.plataformadenaria.com\/wp-content\/uploads\/2024\/09\/down-espana.png 300w, https:\/\/www.plataformadenaria.com\/wp-content\/uploads\/2024\/09\/down-espana-1024x1024.png 1024w, https:\/\/www.plataformadenaria.com\/wp-content\/uploads\/2024\/09\/down-espana-150x150.png 150w, https:\/\/www.plataformadenaria.com\/wp-content\/uploads\/2024\/09\/down-espana-768x768.png 768w, https:\/\/www.plataformadenaria.com\/wp-content\/uploads\/2024\/09\/down-espana-1536x1536.png 1536w, https:\/\/www.plataformadenaria.com\/wp-content\/uploads\/2024\/09\/down-espana-2048x2048.png 2048w, https:\/\/www.plataformadenaria.com\/wp-content\/uploads\/2024\/09\/down-espana-900x900.png 900w\" sizes=\"(max-width: 125px) 100vw, 125px\" \/><\/a><a href=\"https:\/\/www.sindromedown.net\/\" target=\"_blank\" rel=\"noopener\">\u00a0<\/a><a href=\"https:\/\/www.asaja.com\/\" target=\"_blank\" rel=\"noopener\"><img loading=\"lazy\" decoding=\"async\" class=\"\" src=\"https:\/\/www.plataformadenaria.com\/wp-content\/uploads\/2023\/11\/logo-asaja.png\" alt=\"\" width=\"125\" height=\"125\" \/> <\/a><a href=\"https:\/\/www.unipymejoven.net\/\" target=\"_blank\" rel=\"noopener\"><img loading=\"lazy\" decoding=\"async\" class=\"\" src=\"https:\/\/www.plataformadenaria.com\/wp-content\/uploads\/2023\/06\/logo-unipymejoven.png\" alt=\"\" width=\"125\" height=\"125\" \/> <\/a><a href=\"https:\/\/unipyme.es\/\" target=\"_blank\" rel=\"noopener\"><img loading=\"lazy\" decoding=\"async\" class=\"\" src=\"https:\/\/www.plataformadenaria.com\/wp-content\/uploads\/2023\/06\/logo-unipyme.png\" alt=\"\" width=\"125\" height=\"125\" \/> <\/a><a href=\"https:\/\/www.coag.org\/\" target=\"_blank\" rel=\"noopener\"><img loading=\"lazy\" decoding=\"async\" class=\"alignnone wp-image-7373 \" src=\"https:\/\/www.plataformadenaria.com\/wp-content\/uploads\/2024\/09\/logos-denaria.png\" alt=\"\" width=\"125\" height=\"125\" srcset=\"https:\/\/www.plataformadenaria.com\/wp-content\/uploads\/2024\/09\/logos-denaria.png 300w, https:\/\/www.plataformadenaria.com\/wp-content\/uploads\/2024\/09\/logos-denaria-1024x1024.png 1024w, https:\/\/www.plataformadenaria.com\/wp-content\/uploads\/2024\/09\/logos-denaria-150x150.png 150w, https:\/\/www.plataformadenaria.com\/wp-content\/uploads\/2024\/09\/logos-denaria-768x768.png 768w, https:\/\/www.plataformadenaria.com\/wp-content\/uploads\/2024\/09\/logos-denaria-1536x1536.png 1536w, https:\/\/www.plataformadenaria.com\/wp-content\/uploads\/2024\/09\/logos-denaria-2048x2048.png 2048w, https:\/\/www.plataformadenaria.com\/wp-content\/uploads\/2024\/09\/logos-denaria-900x900.png 900w\" sizes=\"(max-width: 125px) 100vw, 125px\" \/><\/a><\/div><div>\u00a0<\/div><div><a href=\"https:\/\/fefe.com\/\" target=\"_blank\" rel=\"noopener\"><img loading=\"lazy\" decoding=\"async\" class=\"alignnone wp-image-9998\" src=\"https:\/\/www.plataformadenaria.com\/wp-content\/uploads\/2024\/12\/denaria-logos-web.png\" alt=\"\" width=\"126\" height=\"126\" srcset=\"https:\/\/www.plataformadenaria.com\/wp-content\/uploads\/2024\/12\/denaria-logos-web.png 300w, https:\/\/www.plataformadenaria.com\/wp-content\/uploads\/2024\/12\/denaria-logos-web-1024x1024.png 1024w, https:\/\/www.plataformadenaria.com\/wp-content\/uploads\/2024\/12\/denaria-logos-web-150x150.png 150w, https:\/\/www.plataformadenaria.com\/wp-content\/uploads\/2024\/12\/denaria-logos-web-768x768.png 768w, https:\/\/www.plataformadenaria.com\/wp-content\/uploads\/2024\/12\/denaria-logos-web-1536x1536.png 1536w, https:\/\/www.plataformadenaria.com\/wp-content\/uploads\/2024\/12\/denaria-logos-web-2048x2048.png 2048w, https:\/\/www.plataformadenaria.com\/wp-content\/uploads\/2024\/12\/denaria-logos-web-900x900.png 900w\" sizes=\"(max-width: 126px) 100vw, 126px\" \/>\u00a0<img loading=\"lazy\" decoding=\"async\" class=\"alignnone wp-image-12145\" src=\"https:\/\/www.plataformadenaria.com\/wp-content\/uploads\/2025\/02\/fundacion-_borreda.png\" alt=\"\" width=\"126\" height=\"126\" srcset=\"https:\/\/www.plataformadenaria.com\/wp-content\/uploads\/2025\/02\/fundacion-_borreda.png 300w, https:\/\/www.plataformadenaria.com\/wp-content\/uploads\/2025\/02\/fundacion-_borreda-1024x1024.png 1024w, https:\/\/www.plataformadenaria.com\/wp-content\/uploads\/2025\/02\/fundacion-_borreda-150x150.png 150w, https:\/\/www.plataformadenaria.com\/wp-content\/uploads\/2025\/02\/fundacion-_borreda-768x768.png 768w, https:\/\/www.plataformadenaria.com\/wp-content\/uploads\/2025\/02\/fundacion-_borreda-1536x1536.png 1536w, https:\/\/www.plataformadenaria.com\/wp-content\/uploads\/2025\/02\/fundacion-_borreda-2048x2048.png 2048w, https:\/\/www.plataformadenaria.com\/wp-content\/uploads\/2025\/02\/fundacion-_borreda-900x900.png 900w\" sizes=\"(max-width: 126px) 100vw, 126px\" \/><\/a><\/div><div>\u00a0<\/div><h3>Main goals of the Platform:<\/h3><p>Platform Denaria has the following goals:<\/p><ul><li>Defend the freedom for consumers and society in general to choose among the different methods and systems of payment.<\/li><li>Make society aware of the benefits of cash, defend its economic and social function as a method of free and universal payment and as a symbol of individual rights and liberties.<\/li><li>Promote and defend financial and digital inclusion for all citizens, emphasizing the crucial role of cash, with special attention to vulnerable consumers and depopulation.<\/li><li>Warn of the necessity of cash as a critical and strategic infrastructure in moments of high impact collective contingencies such as economic or public health crises, cyberattacks or natural disasters.<\/li><li>Push for a legal framework that establishes the obligation to accept cash, as a guarantee of social inclusion, as a form of payment in emergency situations and as an effective resource in a world of increasing digital dependence and intensification.<\/li><\/ul><h3>Functions and Activities<\/h3><p>In order to fulfill these goals, the platform may undertake, among others, the following <strong>functions, and activities<\/strong>, listed here for purely informational purposes:<\/p><ul><li>Institutional relations with the various Public Administration agencies responsible for the financial system, payments, security, depopulation, consumer defense, social protection, and individual rights.<\/li><li>Institutional relations with groups and members of national and international parliamentary institutions responsible for legislative or regulatory affairs associated with the goals of the association.<\/li><li>Participation in multiple entities, forums, publications or public or private initiatives related to the aims of the Association.<\/li><li>Provision of promotional, technical, or analytical services requested by our partners, as well as support in the processing of documents and management of aid and stimulus before the pertinent Public Administrations.<\/li><li>Establishment of information services, as well as services of an administrative, legal, cooperative, commercial, or technical nature and any other services that may be deemed necessary by the Association.<\/li><li>Representation and defense of the interests of the partner associations.<\/li><li>Encourage meetings for the exchange, analysis and debate of items concerning information, legal directives, issues examination and initiatives related to the matters that affect the goals of the Association.<\/li><li>The Association is a representative and spokesperson for its partners before any person or entity, public administration, or other similar organization in the interest of disseminating their concerns, problems, and aspirations, as well as for the establishment of agreements, collaborations, accords and in general any supplemental service or activity for the fulfillment of its purpose<\/li><\/ul><\/div>\n\t\t\t\t\t\t\t\t\t<div class=\"elementor-tab-title elementor-tab-mobile-title\" aria-selected=\"false\" data-tab=\"2\" role=\"tab\" tabindex=\"-1\" aria-controls=\"elementor-tab-content-1872\" aria-expanded=\"false\">Contact<\/div>\n\t\t\t\t\t<div id=\"elementor-tab-content-1872\" class=\"elementor-tab-content elementor-clearfix\" data-tab=\"2\" role=\"tabpanel\" aria-labelledby=\"elementor-tab-title-1872\" tabindex=\"0\" hidden=\"hidden\"><p>Contact us through this email: <a href=\"mailto:info@plataformadenaria.com\">info@plataformadenaria.com<\/a><\/p><\/div>\n\t\t\t\t\t\t\t\t\t<div class=\"elementor-tab-title elementor-tab-mobile-title\" aria-selected=\"false\" data-tab=\"3\" role=\"tab\" tabindex=\"-1\" aria-controls=\"elementor-tab-content-1873\" aria-expanded=\"false\">Press<\/div>\n\t\t\t\t\t<div id=\"elementor-tab-content-1873\" class=\"elementor-tab-content elementor-clearfix\" data-tab=\"3\" role=\"tabpanel\" aria-labelledby=\"elementor-tab-title-1873\" tabindex=\"0\" hidden=\"hidden\"><p>Press contact: <a href=\"mailto:prensa@plataformadenaria.com\">prensa@plataformadenaria.com<\/a><\/p><p><a class=\"btn btn-primary btn-with-icon\" href=\"https:\/\/www.plataformadenaria.com\/en\/press-releases\/\">Access to press releases <i class=\"bx bx-right-arrow-alt\"><\/i><br \/><\/a><\/p><\/div>\n\t\t\t\t\t\t\t<\/div>\n\t\t<\/div>\n\t\t\t\t\t\t<\/div>\n\t\t\t\t<\/div>\n\t\t\t\t\t<\/div>\n\t\t<\/div>\n\t\t\t\t\t<\/div>\n\t\t<\/section>\n\t\t\t\t<\/div>\n\t\t","protected":false},"excerpt":{"rendered":"<p>About us What is Plataforma Denaria? Contact Press What is Plataforma Denaria? Plataforma Denaria is an association that brings together common interests in the defense of cash and that aims to alert about the risks of limiting cash as a method of payment while highlighting the importance of cash as a cost effective, secure, sustainable, [&hellip;]<\/p>\n","protected":false},"author":3,"featured_media":0,"parent":0,"menu_order":0,"comment_status":"closed","ping_status":"closed","template":"","meta":{"footnotes":""},"class_list":["post-7658","page","type-page","status-publish","hentry"],"yoast_head":"<!-- This site is optimized with the Yoast SEO plugin v25.1 - https:\/\/yoast.com\/wordpress\/plugins\/seo\/ -->\n<title>About us - Denaria<\/title>\n<meta name=\"robots\" content=\"index, follow, max-snippet:-1, max-image-preview:large, max-video-preview:-1\" \/>\n<link rel=\"canonical\" href=\"https:\/\/www.plataformadenaria.com\/sobre-nosotros\/\" \/>\n<meta property=\"og:locale\" content=\"en_US\" \/>\n<meta property=\"og:type\" content=\"article\" \/>\n<meta property=\"og:title\" content=\"About us - Denaria\" \/>\n<meta property=\"og:description\" content=\"About us What is Plataforma Denaria? Contact Press What is Plataforma Denaria? Plataforma Denaria is an association that brings together common interests in the defense of cash and that aims to alert about the risks of limiting cash as a method of payment while highlighting the importance of cash as a cost effective, secure, sustainable, [&hellip;]\" \/>\n<meta property=\"og:url\" content=\"https:\/\/www.plataformadenaria.com\/sobre-nosotros\/\" \/>\n<meta property=\"og:site_name\" content=\"Denaria\" \/>\n<meta property=\"article:modified_time\" content=\"2025-11-21T08:58:28+00:00\" \/>\n<meta property=\"og:image\" content=\"https:\/\/www.plataformadenaria.com\/wp-content\/uploads\/2024\/09\/cermi.png\" \/>\n\t<meta property=\"og:image:width\" content=\"300\" \/>\n\t<meta property=\"og:image:height\" content=\"300\" \/>\n\t<meta property=\"og:image:type\" content=\"image\/png\" \/>\n<meta name=\"twitter:card\" content=\"summary_large_image\" \/>\n<meta name=\"twitter:label1\" content=\"Est. reading time\" \/>\n\t<meta name=\"twitter:data1\" content=\"5 minutes\" \/>\n<script type=\"application\/ld+json\" class=\"yoast-schema-graph\">{\"@context\":\"https:\/\/schema.org\",\"@graph\":[{\"@type\":\"WebPage\",\"@id\":\"https:\/\/www.plataformadenaria.com\/sobre-nosotros\/\",\"url\":\"https:\/\/www.plataformadenaria.com\/sobre-nosotros\/\",\"name\":\"About us - Denaria\",\"isPartOf\":{\"@id\":\"https:\/\/www.plataformadenaria.com\/#website\"},\"primaryImageOfPage\":{\"@id\":\"https:\/\/www.plataformadenaria.com\/sobre-nosotros\/#primaryimage\"},\"image\":{\"@id\":\"https:\/\/www.plataformadenaria.com\/sobre-nosotros\/#primaryimage\"},\"thumbnailUrl\":\"https:\/\/www.plataformadenaria.com\/wp-content\/uploads\/2024\/09\/cermi.png\",\"datePublished\":\"2024-09-12T15:29:56+00:00\",\"dateModified\":\"2025-11-21T08:58:28+00:00\",\"inLanguage\":\"en-US\",\"potentialAction\":[{\"@type\":\"ReadAction\",\"target\":[\"https:\/\/www.plataformadenaria.com\/sobre-nosotros\/\"]}]},{\"@type\":\"ImageObject\",\"inLanguage\":\"en-US\",\"@id\":\"https:\/\/www.plataformadenaria.com\/sobre-nosotros\/#primaryimage\",\"url\":\"https:\/\/www.plataformadenaria.com\/wp-content\/uploads\/2024\/09\/cermi.png\",\"contentUrl\":\"https:\/\/www.plataformadenaria.com\/wp-content\/uploads\/2024\/09\/cermi.png\"},{\"@type\":\"WebSite\",\"@id\":\"https:\/\/www.plataformadenaria.com\/#website\",\"url\":\"https:\/\/www.plataformadenaria.com\/\",\"name\":\"Denaria\",\"description\":\"Plataforma Denaria\",\"potentialAction\":[{\"@type\":\"SearchAction\",\"target\":{\"@type\":\"EntryPoint\",\"urlTemplate\":\"https:\/\/www.plataformadenaria.com\/?s={search_term_string}\"},\"query-input\":{\"@type\":\"PropertyValueSpecification\",\"valueRequired\":true,\"valueName\":\"search_term_string\"}}],\"inLanguage\":\"en-US\"}]}<\/script>\n<!-- \/ Yoast SEO plugin. -->","yoast_head_json":{"title":"About us - Denaria","robots":{"index":"index","follow":"follow","max-snippet":"max-snippet:-1","max-image-preview":"max-image-preview:large","max-video-preview":"max-video-preview:-1"},"canonical":"https:\/\/www.plataformadenaria.com\/sobre-nosotros\/","og_locale":"en_US","og_type":"article","og_title":"About us - Denaria","og_description":"About us What is Plataforma Denaria? Contact Press What is Plataforma Denaria? Plataforma Denaria is an association that brings together common interests in the defense of cash and that aims to alert about the risks of limiting cash as a method of payment while highlighting the importance of cash as a cost effective, secure, sustainable, [&hellip;]","og_url":"https:\/\/www.plataformadenaria.com\/sobre-nosotros\/","og_site_name":"Denaria","article_modified_time":"2025-11-21T08:58:28+00:00","og_image":[{"width":300,"height":300,"url":"https:\/\/www.plataformadenaria.com\/wp-content\/uploads\/2024\/09\/cermi.png","type":"image\/png"}],"twitter_card":"summary_large_image","twitter_misc":{"Est. reading time":"5 minutes"},"schema":{"@context":"https:\/\/schema.org","@graph":[{"@type":"WebPage","@id":"https:\/\/www.plataformadenaria.com\/sobre-nosotros\/","url":"https:\/\/www.plataformadenaria.com\/sobre-nosotros\/","name":"About us - Denaria","isPartOf":{"@id":"https:\/\/www.plataformadenaria.com\/#website"},"primaryImageOfPage":{"@id":"https:\/\/www.plataformadenaria.com\/sobre-nosotros\/#primaryimage"},"image":{"@id":"https:\/\/www.plataformadenaria.com\/sobre-nosotros\/#primaryimage"},"thumbnailUrl":"https:\/\/www.plataformadenaria.com\/wp-content\/uploads\/2024\/09\/cermi.png","datePublished":"2024-09-12T15:29:56+00:00","dateModified":"2025-11-21T08:58:28+00:00","inLanguage":"en-US","potentialAction":[{"@type":"ReadAction","target":["https:\/\/www.plataformadenaria.com\/sobre-nosotros\/"]}]},{"@type":"ImageObject","inLanguage":"en-US","@id":"https:\/\/www.plataformadenaria.com\/sobre-nosotros\/#primaryimage","url":"https:\/\/www.plataformadenaria.com\/wp-content\/uploads\/2024\/09\/cermi.png","contentUrl":"https:\/\/www.plataformadenaria.com\/wp-content\/uploads\/2024\/09\/cermi.png"},{"@type":"WebSite","@id":"https:\/\/www.plataformadenaria.com\/#website","url":"https:\/\/www.plataformadenaria.com\/","name":"Denaria","description":"Plataforma Denaria","potentialAction":[{"@type":"SearchAction","target":{"@type":"EntryPoint","urlTemplate":"https:\/\/www.plataformadenaria.com\/?s={search_term_string}"},"query-input":{"@type":"PropertyValueSpecification","valueRequired":true,"valueName":"search_term_string"}}],"inLanguage":"en-US"}]}},"_links":{"self":[{"href":"https:\/\/www.plataformadenaria.com\/en\/wp-json\/wp\/v2\/pages\/7658","targetHints":{"allow":["GET"]}}],"collection":[{"href":"https:\/\/www.plataformadenaria.com\/en\/wp-json\/wp\/v2\/pages"}],"about":[{"href":"https:\/\/www.plataformadenaria.com\/en\/wp-json\/wp\/v2\/types\/page"}],"author":[{"embeddable":true,"href":"https:\/\/www.plataformadenaria.com\/en\/wp-json\/wp\/v2\/users\/3"}],"replies":[{"embeddable":true,"href":"https:\/\/www.plataformadenaria.com\/en\/wp-json\/wp\/v2\/comments?post=7658"}],"version-history":[{"count":35,"href":"https:\/\/www.plataformadenaria.com\/en\/wp-json\/wp\/v2\/pages\/7658\/revisions"}],"predecessor-version":[{"id":17173,"href":"https:\/\/www.plataformadenaria.com\/en\/wp-json\/wp\/v2\/pages\/7658\/revisions\/17173"}],"wp:attachment":[{"href":"https:\/\/www.plataformadenaria.com\/en\/wp-json\/wp\/v2\/media?parent=7658"}],"curies":[{"name":"wp","href":"https:\/\/api.w.org\/{rel}","templated":true}]}}