{"id":5187,"date":"2023-11-20T13:51:15","date_gmt":"2023-11-20T12:51:15","guid":{"rendered":"https:\/\/www.plataformadenaria.com\/?page_id=5187"},"modified":"2024-02-05T12:14:56","modified_gmt":"2024-02-05T11:14:56","slug":"privacy-policy","status":"publish","type":"page","link":"https:\/\/www.plataformadenaria.com\/en\/privacy-policy\/","title":{"rendered":"Privacy Policy"},"content":{"rendered":"<p>[vc_row el_class=\"section-classic-green section-bg-logo\"][vc_column el_class=\"container\"][vc_column_text el_class=\"page-title\"]<\/p>\n<h1 class=\"mb-0\">Privacy Policy<\/h1>\n<p>[\/vc_column_text][\/vc_column][\/vc_row][vc_row][vc_column el_class=\"container\"][vc_column_text]<strong>\u00bfQui\u00e9n es el responsable del tratamiento de sus datos personales?<\/strong><\/p>\n<p>La presente pol\u00edtica de privacidad (en adelante, la \u00abPol\u00edtica de Privacidad\u00ab) aplica a todos los datos de car\u00e1cter personal que el usuario aporte a la asociaci\u00f3n PLATAFORMA DENARIA (en adelante, DENARIA), con domicilio social en Espa\u00f1a Calle de Serrano Anguita, 13, 28004 Madrid, con n\u00famero de NIF G16959520, inscrita Registro Nacional de Asociaciones: secci\u00f3n: 1\u00aa\/ N\u00famero Nacional: 623627.<\/p>\n<p>El Usuario podr\u00e1 ponerse en contacto con nosotros a trav\u00e9s del correo electr\u00f3nico info@plataformadenaria.com ante cualquier duda o necesidad que tuviere en materia de protecci\u00f3n de datos.<\/p>\n<p><strong>\u00bfPara qu\u00e9 finalidad va a utilizar DENARIA sus datos personales?<\/strong><\/p>\n<p>Por la presente se informa al Usuario que DENARIA tratar\u00e1 los datos de car\u00e1cter personal que se le faciliten a trav\u00e9s del formulario de contacto disponible en el sitio web <a href=\"http:\/\/www.plataformadenaria.com\">www.plataformadenaria.com<\/a> (en adelante, la Web), para las finalidades que se indican a continuaci\u00f3n:<\/p>\n<ul>\n<li>Dar respuesta a las peticiones realizadas por el Usuario, y en general, gestionar cualquier tipo de consulta que pudiera llevar a cabo a trav\u00e9s de nuestro Formulario de contacto disponible en la Web, a trav\u00e9s de nuestras direcciones de correo electr\u00f3nico corporativo o redes sociales (Instagram, Twitter, Linkedin y Facebook) o por cualquier otro medio.<\/li>\n<li>Mantenimiento de la relaci\u00f3n que en su caso se establezca entre DENARIA y el Usuario, y, en su caso, a trav\u00e9s de la prestaci\u00f3n de los servicios contratados.<\/li>\n<li>Llevar a cabo procesos de selecci\u00f3n de candidatos y gestionar su candidatura en los procesos que DENARIA tenga abiertos, en el caso de que hubiera procedido a enviarnos su curr\u00edculum vitae a trav\u00e9s del correo [info@plataformadenaria.com] o de cualquier otro correo electr\u00f3nico corporativo; contactar con el candidato en caso de que su perfil resulte adecuado a la posici\u00f3n vacante, comunicarle los resultados de los procesos de selecci\u00f3n; as\u00ed como incluirle en nuestra bolsa de empleo para remitirle posibles ofertas de trabajo que entendamos puedan resultar de su inter\u00e9s; y para dirigirse el candidato para solicitarle una actualizaci\u00f3n de su curr\u00edculum vitae.<\/li>\n<li>Enviarle, ya sea a trav\u00e9s de medios tradicionales o correo electr\u00f3nico, nuestras\u00a0<em>newsletters<\/em>, circulares o comunicaciones comerciales, tanto sobre la actualidad de DENARIA como de empresas o instituciones vinculadas con la misma o de terceros que DENARIA consider\u00e9 que puedan ser de su inter\u00e9s, y en general, sobre la actualidad normativa y regulatoria, nacional, de la UE e internacional, que consideremos que pueda ser de su inter\u00e9s.<\/li>\n<li>Inscribirle y gestionar su asistencia a los desayunos de trabajo y\/o webminars y\/o a cualquiera de los eventos presenciales que organice DENARIA, ya sean con finalidades profesionales como meramente promocionales.<\/li>\n<\/ul>\n<p><strong>\u00bfCu\u00e1l es la legitimaci\u00f3n para el tratamiento de los datos personales?<\/strong><\/p>\n<p>La base legal para el tratamiento de los datos para las finalidades indicadas en el apartado anterior es: (i) el consentimiento previo e informado que se solicita al Usuario (entre otros, a trav\u00e9s del Formulario disponible en la Web) y\/o; (ii) la ejecuci\u00f3n de contrato de prestaci\u00f3n de servicios contratado por el Usuario con DENARIA. En todo caso, el todo tratamiento realizado por DENARIA sobre los datos personales ha sido consentido previamente por el Usuario<\/p>\n<p>El Usuario podr\u00e1 revocar este consentimiento en cualquier momento tal y como se detalla m\u00e1s adelante en el presente documento.<\/p>\n<p><strong>\u00bfDurante cu\u00e1nto tiempo mantendremos sus datos personales?<\/strong><\/p>\n<p>Los datos personales se conservar\u00e1n mientras se mantenga la relaci\u00f3n contractual, el Usuario no solicite su suspensi\u00f3n o sean necesarios para cumplir las finalidades descritas en el apartado anterior o DENARIA y el Usuario sigan interactuando como consecuencia de las referidas finalidades.<\/p>\n<p>En el supuesto de tratar sus datos personales con la finalidad de gestionar su candidatura en procesos de selecci\u00f3n, \u00e9stos se conservar\u00e1n durante un plazo m\u00e1ximo de dos a\u00f1os o hasta que usted ejerza su derecho de supresi\u00f3n\/oposici\u00f3n.<\/p>\n<p>En el resto de los casos, siempre que usted no ejercite antes su derecho de supresi\u00f3n, mantendremos sus datos personales con las preceptivas medidas de seguridad y bloqueados durante un per\u00edodo de tiempo de seis a\u00f1os. Transcurrido dicho per\u00edodo, procederemos a eliminarlos de nuestro sistema de informaci\u00f3n.<\/p>\n<p>Todo ello sin perjuicio de la conservaci\u00f3n que resultase necesaria para la formulaci\u00f3n, el ejercicio o la defensa de potenciales reclamaciones y\/o siempre que lo permitiese la legislaci\u00f3n aplicable.<\/p>\n<p><strong>\u00bfSe ceder\u00e1n sus datos a terceros pa\u00edses?. \u00bfQui\u00e9n tiene acceso a sus datos personales?<\/strong><\/p>\n<p>No cederemos sus datos personales a nadie, salvo que estemos obligados por una ley o que usted lo haya autorizado previamente de manera expresa.<\/p>\n<p>Sin embargo, para poder prestarle los servicios o remitirle las comunicaciones se\u00f1aladas anteriormente, es posible que necesitemos compartir sus datos personales con algunos de nuestros colaboradores externos, tales como proveedores de servicios inform\u00e1ticos como el hosting de los sitios web, env\u00edo de comunicaciones electr\u00f3nicas y otros servicios similares.<\/p>\n<p><strong>\u00bfRealizamos un tratamiento automatizado o elaboraci\u00f3n perfiles con sus datos personales?<\/strong><\/p>\n<p>No. Para realizar el tratamiento de sus datos personales para las finalidades mencionadas anteriormente, no nos basaremos en decisiones automatizadas, incluida la elaboraci\u00f3n de perfiles.<\/p>\n<p>En todo caso, con el fin de que el tratamiento de sus datos personales se realice con las garant\u00edas adecuadas, nos limitaremos a utilizar, exclusivamente, aquellos datos concretos e imprescindibles para cada tratamiento.<\/p>\n<p><strong>\u00bfQu\u00e9 medidas de seguridad t\u00e9cnicas y\/u organizativas aplica DENARIA para el tratamiento de sus datos personales?<\/strong><\/p>\n<p>Se han adoptado las medidas de \u00edndole t\u00e9cnica y organizativa necesarias para garantizar la seguridad de los datos personales tratados y evitar su alteraci\u00f3n, p\u00e9rdida, tratamiento o acceso no autorizado, teniendo en cuenta el estado de la tecnolog\u00eda, la naturaleza de los datos almacenados y los riesgos a que se encuentran expuestos, ya provengan de la acci\u00f3n humana o del medio f\u00edsico o natural.<\/p>\n<p>En concreto, se han adoptado medidas que persiguen alcanzar los objetivos b\u00e1sicos en materia de seguridad, como son la confidencialidad, la integridad y la disponibilidad de los datos personales.<strong>\u00a0<\/strong><\/p>\n<p><strong>\u00bfQu\u00e9 derechos tiene sobre sus datos personales?<\/strong><\/p>\n<p>Le recordamos que, en todo momento, puede ejercitar los siguientes derechos sobre sus datos personales: Derecho de acceso, rectificaci\u00f3n, supresi\u00f3n, oposici\u00f3n, portabilidad y limitaci\u00f3n de tratamiento.<\/p>\n<p>Para ejercer cualquiera de ellos deber\u00e1 proceder al env\u00edo de una comunicaci\u00f3n escrita a DENARIA que deber\u00e1 contener nombre, apellidos y la documentaci\u00f3n que acredite la identidad del interesado o de su representante legal, as\u00ed como documento acreditativo de la representaci\u00f3n, petici\u00f3n en la que se concrete la solicitud, domicilio a efectos de notificaciones, fecha y firma del solicitante y documentos acreditativos de la petici\u00f3n que formula.<\/p>\n<p>Para facilitar el ejercicio de sus derechos, el Usuario tambi\u00e9n puede ejercer su derecho cumplimentando los formularios correspondientes que se encuentran en la Web.<\/p>\n<p>Podr\u00e1 hacer llegar tal comunicaci\u00f3n a DENARIA mediante:<\/p>\n<ol>\n<li>env\u00edo de un correo electr\u00f3nico a: info@plataformadenaria.com;<\/li>\n<li>carta dirigida a la atenci\u00f3n de \u201cSecretaria\u201d, Plataforma Denaria, con domicilio social en Espa\u00f1a Calle de Serrano Anguita, 13, 28004 Madrid<\/li>\n<\/ol>\n<p>El Usuario podr\u00e1 ponerse en contacto con nosotros a trav\u00e9s del tel\u00e9fono 647 938 758 para solucionar cualquier duda relativa al ejercicio de sus derechos.<\/p>\n<p>Asimismo, el Usuario podr\u00e1 cancelar la recepci\u00f3n de comunicaciones comerciales seg\u00fan la forma prevista en cada comunicaci\u00f3n comercial (por ejemplo, en las comunicaciones comerciales enviadas por correo electr\u00f3nico, a trav\u00e9s del enlace incluido en las mismas).<\/p>\n<p><strong>Uso de cookies<\/strong><\/p>\n<p>Puede obtener m\u00e1s informaci\u00f3n sobre el uso de cookies en este sitio web en la <a href=\"https:\/\/www.plataformadenaria.com\/politica-de-cookies\/\">Pol\u00edtica de Cookies<\/a>.<\/p>\n<p><strong>Links \/ Enlaces<\/strong><\/p>\n<p>La Web podr\u00eda contener enlaces a otras p\u00e1ginas web que puedan resultar de inter\u00e9s para los usuarios.<\/p>\n<p>DENARIA no asume ninguna responsabilidad sobre estos enlaces, sin que se pueda dar ninguna garant\u00eda en el cumplimiento de pol\u00edticas de privacidad se\u00f1alada en los mismos, por lo que el usuario accede bajo su exclusiva responsabilidad al contenido de las referidas p\u00e1ginas web, en las condiciones de uso que se fijen en las mismas.<\/p>\n<p><strong>Modificaci\u00f3n de la Pol\u00edtica de Privacidad. <\/strong><\/p>\n<p>DENARIA podr\u00e1 modificar su Pol\u00edtica de Privacidad de acuerdo con la legislaci\u00f3n aplicable en cada momento. En todo caso, le informaremos debidamente de cualquier modificaci\u00f3n de la Pol\u00edtica de Privacidad que tenga un impacto relevante para su privacidad y la protecci\u00f3n de sus datos.<\/p>\n<p>\u00daltima actualizaci\u00f3n: 24 de septiembre de 2021[\/vc_column_text][\/vc_column][\/vc_row]<\/p>\n","protected":false},"excerpt":{"rendered":"<p>[vc_row el_class=\"section-classic-green section-bg-logo\"][vc_column el_class=\"container\"][vc_column_text el_class=\"page-title\"] Privacy Policy [\/vc_column_text][\/vc_column][\/vc_row][vc_row][vc_column el_class=\"container\"][vc_column_text]\u00bfQui\u00e9n es el responsable del tratamiento de sus datos personales? La presente pol\u00edtica de privacidad (en adelante, la \u00abPol\u00edtica de Privacidad\u00ab) aplica a todos los datos de car\u00e1cter personal que el usuario aporte a la asociaci\u00f3n PLATAFORMA DENARIA (en adelante, DENARIA), con domicilio social en Espa\u00f1a Calle [&hellip;]<\/p>\n","protected":false},"author":3,"featured_media":0,"parent":0,"menu_order":0,"comment_status":"closed","ping_status":"closed","template":"","meta":{"footnotes":""},"class_list":["post-5187","page","type-page","status-publish","hentry"],"yoast_head":"<!-- This site is optimized with the Yoast SEO plugin v25.1 - https:\/\/yoast.com\/wordpress\/plugins\/seo\/ -->\n<title>Privacy Policy - Denaria<\/title>\n<meta name=\"robots\" content=\"index, follow, max-snippet:-1, max-image-preview:large, max-video-preview:-1\" \/>\n<link rel=\"canonical\" href=\"https:\/\/www.plataformadenaria.com\/en\/privacy-policy\/\" \/>\n<meta property=\"og:locale\" content=\"en_US\" \/>\n<meta property=\"og:type\" content=\"article\" \/>\n<meta property=\"og:title\" content=\"Privacy Policy - Denaria\" \/>\n<meta property=\"og:description\" content=\"[vc_row el_class=&quot;section-classic-green section-bg-logo&quot;][vc_column el_class=&quot;container&quot;][vc_column_text el_class=&quot;page-title&quot;] Privacy Policy [\/vc_column_text][\/vc_column][\/vc_row][vc_row][vc_column el_class=&quot;container&quot;][vc_column_text]\u00bfQui\u00e9n es el responsable del tratamiento de sus datos personales? La presente pol\u00edtica de privacidad (en adelante, la \u00abPol\u00edtica de Privacidad\u00ab) aplica a todos los datos de car\u00e1cter personal que el usuario aporte a la asociaci\u00f3n PLATAFORMA DENARIA (en adelante, DENARIA), con domicilio social en Espa\u00f1a Calle [&hellip;]\" \/>\n<meta property=\"og:url\" content=\"https:\/\/www.plataformadenaria.com\/en\/privacy-policy\/\" \/>\n<meta property=\"og:site_name\" content=\"Denaria\" \/>\n<meta property=\"article:modified_time\" content=\"2024-02-05T11:14:56+00:00\" \/>\n<meta property=\"og:image\" content=\"https:\/\/www.plataformadenaria.com\/wp-content\/uploads\/2021\/09\/fb-share.png\" \/>\n\t<meta property=\"og:image:width\" content=\"1200\" \/>\n\t<meta property=\"og:image:height\" content=\"630\" \/>\n\t<meta property=\"og:image:type\" content=\"image\/png\" \/>\n<meta name=\"twitter:card\" content=\"summary_large_image\" \/>\n<meta name=\"twitter:label1\" content=\"Est. reading time\" \/>\n\t<meta name=\"twitter:data1\" content=\"7 minutes\" \/>\n<script type=\"application\/ld+json\" class=\"yoast-schema-graph\">{\"@context\":\"https:\/\/schema.org\",\"@graph\":[{\"@type\":\"WebPage\",\"@id\":\"https:\/\/www.plataformadenaria.com\/en\/privacy-policy\/\",\"url\":\"https:\/\/www.plataformadenaria.com\/en\/privacy-policy\/\",\"name\":\"Privacy Policy - Denaria\",\"isPartOf\":{\"@id\":\"https:\/\/www.plataformadenaria.com\/#website\"},\"datePublished\":\"2023-11-20T12:51:15+00:00\",\"dateModified\":\"2024-02-05T11:14:56+00:00\",\"inLanguage\":\"en-US\",\"potentialAction\":[{\"@type\":\"ReadAction\",\"target\":[\"https:\/\/www.plataformadenaria.com\/en\/privacy-policy\/\"]}]},{\"@type\":\"WebSite\",\"@id\":\"https:\/\/www.plataformadenaria.com\/#website\",\"url\":\"https:\/\/www.plataformadenaria.com\/\",\"name\":\"Denaria\",\"description\":\"Plataforma Denaria\",\"potentialAction\":[{\"@type\":\"SearchAction\",\"target\":{\"@type\":\"EntryPoint\",\"urlTemplate\":\"https:\/\/www.plataformadenaria.com\/?s={search_term_string}\"},\"query-input\":{\"@type\":\"PropertyValueSpecification\",\"valueRequired\":true,\"valueName\":\"search_term_string\"}}],\"inLanguage\":\"en-US\"}]}<\/script>\n<!-- \/ Yoast SEO plugin. -->","yoast_head_json":{"title":"Privacy Policy - Denaria","robots":{"index":"index","follow":"follow","max-snippet":"max-snippet:-1","max-image-preview":"max-image-preview:large","max-video-preview":"max-video-preview:-1"},"canonical":"https:\/\/www.plataformadenaria.com\/en\/privacy-policy\/","og_locale":"en_US","og_type":"article","og_title":"Privacy Policy - Denaria","og_description":"[vc_row el_class=\"section-classic-green section-bg-logo\"][vc_column el_class=\"container\"][vc_column_text el_class=\"page-title\"] Privacy Policy [\/vc_column_text][\/vc_column][\/vc_row][vc_row][vc_column el_class=\"container\"][vc_column_text]\u00bfQui\u00e9n es el responsable del tratamiento de sus datos personales? La presente pol\u00edtica de privacidad (en adelante, la \u00abPol\u00edtica de Privacidad\u00ab) aplica a todos los datos de car\u00e1cter personal que el usuario aporte a la asociaci\u00f3n PLATAFORMA DENARIA (en adelante, DENARIA), con domicilio social en Espa\u00f1a Calle [&hellip;]","og_url":"https:\/\/www.plataformadenaria.com\/en\/privacy-policy\/","og_site_name":"Denaria","article_modified_time":"2024-02-05T11:14:56+00:00","og_image":[{"width":1200,"height":630,"url":"https:\/\/www.plataformadenaria.com\/wp-content\/uploads\/2021\/09\/fb-share.png","type":"image\/png"}],"twitter_card":"summary_large_image","twitter_misc":{"Est. reading time":"7 minutes"},"schema":{"@context":"https:\/\/schema.org","@graph":[{"@type":"WebPage","@id":"https:\/\/www.plataformadenaria.com\/en\/privacy-policy\/","url":"https:\/\/www.plataformadenaria.com\/en\/privacy-policy\/","name":"Privacy Policy - Denaria","isPartOf":{"@id":"https:\/\/www.plataformadenaria.com\/#website"},"datePublished":"2023-11-20T12:51:15+00:00","dateModified":"2024-02-05T11:14:56+00:00","inLanguage":"en-US","potentialAction":[{"@type":"ReadAction","target":["https:\/\/www.plataformadenaria.com\/en\/privacy-policy\/"]}]},{"@type":"WebSite","@id":"https:\/\/www.plataformadenaria.com\/#website","url":"https:\/\/www.plataformadenaria.com\/","name":"Denaria","description":"Plataforma Denaria","potentialAction":[{"@type":"SearchAction","target":{"@type":"EntryPoint","urlTemplate":"https:\/\/www.plataformadenaria.com\/?s={search_term_string}"},"query-input":{"@type":"PropertyValueSpecification","valueRequired":true,"valueName":"search_term_string"}}],"inLanguage":"en-US"}]}},"_links":{"self":[{"href":"https:\/\/www.plataformadenaria.com\/en\/wp-json\/wp\/v2\/pages\/5187","targetHints":{"allow":["GET"]}}],"collection":[{"href":"https:\/\/www.plataformadenaria.com\/en\/wp-json\/wp\/v2\/pages"}],"about":[{"href":"https:\/\/www.plataformadenaria.com\/en\/wp-json\/wp\/v2\/types\/page"}],"author":[{"embeddable":true,"href":"https:\/\/www.plataformadenaria.com\/en\/wp-json\/wp\/v2\/users\/3"}],"replies":[{"embeddable":true,"href":"https:\/\/www.plataformadenaria.com\/en\/wp-json\/wp\/v2\/comments?post=5187"}],"version-history":[{"count":2,"href":"https:\/\/www.plataformadenaria.com\/en\/wp-json\/wp\/v2\/pages\/5187\/revisions"}],"predecessor-version":[{"id":5826,"href":"https:\/\/www.plataformadenaria.com\/en\/wp-json\/wp\/v2\/pages\/5187\/revisions\/5826"}],"wp:attachment":[{"href":"https:\/\/www.plataformadenaria.com\/en\/wp-json\/wp\/v2\/media?parent=5187"}],"curies":[{"name":"wp","href":"https:\/\/api.w.org\/{rel}","templated":true}]}}