{"id":5022,"date":"2023-11-07T16:29:12","date_gmt":"2023-11-07T15:29:12","guid":{"rendered":"https:\/\/www.plataformadenaria.com\/?page_id=5022"},"modified":"2023-11-07T16:29:12","modified_gmt":"2023-11-07T15:29:12","slug":"sign-up","status":"publish","type":"page","link":"https:\/\/www.plataformadenaria.com\/en\/sign-up\/","title":{"rendered":"Sign up"},"content":{"rendered":"<p>[vc_row el_class=\"section-olive section-bg-logo\"][vc_column el_class=\"container\"][vc_column_text el_class=\"page-title\"]<\/p>\n<h1>Sign up<\/h1>\n<p class=\"mb-0\">\u00danete a la nuestra comunidad para que tu voz se oiga lo m\u00e1s fuerte posible. Te haremos llegar las \u00faltimas noticias y actualidad desde la Plataforma Denaria.<\/p>\n<p>[\/vc_column_text][\/vc_column][\/vc_row][vc_row][vc_column el_class=\"container\"][vc_row_inner el_class=\"justify-content-center\"][vc_column_inner width=\"2\/3\"][vc_column_text]\n<div class=\"wpcf7 no-js\" id=\"wpcf7-f5095-o1\" lang=\"en-US\" dir=\"ltr\" data-wpcf7-id=\"5095\">\n<div class=\"screen-reader-response\"><p role=\"status\" aria-live=\"polite\" aria-atomic=\"true\"><\/p> <ul><\/ul><\/div>\n<form action=\"\/en\/wp-json\/wp\/v2\/pages\/5022#wpcf7-f5095-o1\" method=\"post\" class=\"wpcf7-form init\" aria-label=\"Contact form\" novalidate=\"novalidate\" data-status=\"init\">\n<div style=\"display: none;\">\n<input type=\"hidden\" name=\"_wpcf7\" value=\"5095\" \/>\n<input type=\"hidden\" name=\"_wpcf7_version\" value=\"6.0.6\" \/>\n<input type=\"hidden\" name=\"_wpcf7_locale\" value=\"en_US\" \/>\n<input type=\"hidden\" name=\"_wpcf7_unit_tag\" value=\"wpcf7-f5095-o1\" \/>\n<input type=\"hidden\" name=\"_wpcf7_container_post\" value=\"0\" \/>\n<input type=\"hidden\" name=\"_wpcf7_posted_data_hash\" value=\"\" \/>\n<input type=\"hidden\" name=\"_wpcf7_recaptcha_response\" value=\"\" \/>\n<\/div>\n<div class=\"row text-center\">\n\t<div class=\"col-md-6\">\n\t\t<p><span class=\"wpcf7-form-control-wrap\" data-name=\"your-name\"><input size=\"40\" maxlength=\"400\" class=\"wpcf7-form-control wpcf7-text wpcf7-validates-as-required\" aria-required=\"true\" aria-invalid=\"false\" placeholder=\"Name*\" value=\"\" type=\"text\" name=\"your-name\" \/><\/span><span id=\"wpcf7-69df6addadbd4-wrapper\" class=\"wpcf7-form-control-wrap website-wrap\" ><label for=\"website\" class=\"hp-message\">Please leave this field empty.<\/label><input id=\"website\"  class=\"wpcf7-form-control wpcf7-text\" type=\"text\" name=\"website\" value=\"\" size=\"40\" tabindex=\"-1\" autocomplete=\"new-password\" \/><\/span>\n\t\t<\/p>\n\t<\/div>\n\t<div class=\"col-md-6\">\n\t\t<p><span class=\"wpcf7-form-control-wrap\" data-name=\"apellidos\"><input size=\"40\" maxlength=\"400\" class=\"wpcf7-form-control wpcf7-text wpcf7-validates-as-required\" aria-required=\"true\" aria-invalid=\"false\" placeholder=\"Surname *\" value=\"\" type=\"text\" name=\"apellidos\" \/><\/span><span id=\"wpcf7-69df6addadcf1-wrapper\" class=\"wpcf7-form-control-wrap subject-wrap\" ><label for=\"subject\" class=\"hp-message\">Please leave this field empty.<\/label><input id=\"subject\"  class=\"wpcf7-form-control wpcf7-text\" type=\"text\" name=\"subject\" value=\"\" size=\"40\" tabindex=\"-1\" autocomplete=\"new-password\" \/><\/span><span id=\"wpcf7-69df6addadd4b-wrapper\" class=\"wpcf7-form-control-wrap phone-wrap\" ><label for=\"phone\" class=\"hp-message\">Please leave this field empty.<\/label><input id=\"phone\"  class=\"wpcf7-form-control wpcf7-text\" type=\"text\" name=\"phone\" value=\"\" size=\"40\" tabindex=\"-1\" autocomplete=\"new-password\" \/><\/span>\n\t\t<\/p>\n\t<\/div>\n<\/div><!-- .row -->\n<div class=\"row\">\n\t<div class=\"col-md-12\">\n\t\t<p><span class=\"wpcf7-form-control-wrap\" data-name=\"your-email\"><input size=\"40\" maxlength=\"400\" class=\"wpcf7-form-control wpcf7-email wpcf7-validates-as-required wpcf7-text wpcf7-validates-as-email\" aria-required=\"true\" aria-invalid=\"false\" placeholder=\"Email *\" value=\"\" type=\"email\" name=\"your-email\" \/><\/span>\n\t\t<\/p>\n\t\t<div class=\"form-check\">\n\t\t\t<p><span class=\"wpcf7-form-control-wrap\" data-name=\"manifiesto\"><span class=\"wpcf7-form-control wpcf7-checkbox\"><span class=\"wpcf7-list-item first last\"><label><input type=\"checkbox\" name=\"manifiesto[]\" value=\"si\" \/><span class=\"wpcf7-list-item-label\">si<\/span><\/label><\/span><\/span><\/span> Apoyo el <a href='https:\/\/www.plataformadenaria.com\/el-valor-del-efectivo\/#manifiesto' target=\"_blank\">manifiesto<\/a>\n\t\t\t<\/p>\n\t\t<\/div>\n\t<\/div>\n<\/div><!-- .row -->\n<div class=\"row\">\n\t<div class=\"col-md-12\">\n\t\t<p><input class=\"wpcf7-form-control wpcf7-submit has-spinner\" type=\"submit\" value=\"Inscr\u00edbete\" \/>\n\t\t<\/p>\n\t\t<div class=\"legal-text-contact\">\n\t\t\t<p>No venderemos tus datos a nadie. Para m\u00e1s informaci\u00f3n sobre c\u00f3mo guardamos tus datos, consulta nuestra <a href=\"https:\/\/www.plataformadenaria.com\/politica-de-privacidad\/\" rel=\"nofollow\" target=\"_blank\">pol\u00edtica de privacidad<\/a>.\n\t\t\t<\/p>\n\t\t<\/div>\n\t<\/div>\n<\/div><!-- .row --><p style=\"display: none !important;\" class=\"akismet-fields-container\" data-prefix=\"_wpcf7_ak_\"><label>&#916;<textarea name=\"_wpcf7_ak_hp_textarea\" cols=\"45\" rows=\"8\" maxlength=\"100\"><\/textarea><\/label><input type=\"hidden\" id=\"ak_js_1\" name=\"_wpcf7_ak_js\" value=\"131\"\/><script>document.getElementById( \"ak_js_1\" ).setAttribute( \"value\", ( new Date() ).getTime() );<\/script><\/p><div class=\"wpcf7-response-output\" aria-hidden=\"true\"><\/div>\n<\/form>\n<\/div>\n[\/vc_column_text][\/vc_column_inner][\/vc_row_inner][\/vc_column][\/vc_row]<\/p>\n","protected":false},"excerpt":{"rendered":"<p>[vc_row el_class=\"section-olive section-bg-logo\"][vc_column el_class=\"container\"][vc_column_text el_class=\"page-title\"] Sign up \u00danete a la nuestra comunidad para que tu voz se oiga lo m\u00e1s fuerte posible. Te haremos llegar las \u00faltimas noticias y actualidad desde la Plataforma Denaria. [\/vc_column_text][\/vc_column][\/vc_row][vc_row][vc_column el_class=\"container\"][vc_row_inner el_class=\"justify-content-center\"][vc_column_inner width=\"2\/3\"][vc_column_text][\/vc_column_text][\/vc_column_inner][\/vc_row_inner][\/vc_column][\/vc_row]<\/p>\n","protected":false},"author":3,"featured_media":0,"parent":0,"menu_order":0,"comment_status":"closed","ping_status":"closed","template":"","meta":{"footnotes":""},"class_list":["post-5022","page","type-page","status-publish","hentry"],"yoast_head":"<!-- This site is optimized with the Yoast SEO plugin v25.1 - https:\/\/yoast.com\/wordpress\/plugins\/seo\/ -->\n<title>Sign up - Denaria<\/title>\n<meta name=\"robots\" content=\"index, follow, max-snippet:-1, max-image-preview:large, max-video-preview:-1\" \/>\n<link rel=\"canonical\" href=\"https:\/\/www.plataformadenaria.com\/en\/sign-up\/\" \/>\n<meta property=\"og:locale\" content=\"en_US\" \/>\n<meta property=\"og:type\" content=\"article\" \/>\n<meta property=\"og:title\" content=\"Sign up - Denaria\" \/>\n<meta property=\"og:description\" content=\"[vc_row el_class=&quot;section-olive section-bg-logo&quot;][vc_column el_class=&quot;container&quot;][vc_column_text el_class=&quot;page-title&quot;] Sign up \u00danete a la nuestra comunidad para que tu voz se oiga lo m\u00e1s fuerte posible. Te haremos llegar las \u00faltimas noticias y actualidad desde la Plataforma Denaria. [\/vc_column_text][\/vc_column][\/vc_row][vc_row][vc_column el_class=&quot;container&quot;][vc_row_inner el_class=&quot;justify-content-center&quot;][vc_column_inner width=&quot;2\/3&quot;][vc_column_text][\/vc_column_text][\/vc_column_inner][\/vc_row_inner][\/vc_column][\/vc_row]\" \/>\n<meta property=\"og:url\" content=\"https:\/\/www.plataformadenaria.com\/en\/sign-up\/\" \/>\n<meta property=\"og:site_name\" content=\"Denaria\" \/>\n<meta property=\"og:image\" content=\"https:\/\/www.plataformadenaria.com\/wp-content\/uploads\/2021\/09\/fb-share.png\" \/>\n\t<meta property=\"og:image:width\" content=\"1200\" \/>\n\t<meta property=\"og:image:height\" content=\"630\" \/>\n\t<meta property=\"og:image:type\" content=\"image\/png\" \/>\n<meta name=\"twitter:card\" content=\"summary_large_image\" \/>\n<script type=\"application\/ld+json\" class=\"yoast-schema-graph\">{\"@context\":\"https:\/\/schema.org\",\"@graph\":[{\"@type\":\"WebPage\",\"@id\":\"https:\/\/www.plataformadenaria.com\/en\/sign-up\/\",\"url\":\"https:\/\/www.plataformadenaria.com\/en\/sign-up\/\",\"name\":\"Sign up - Denaria\",\"isPartOf\":{\"@id\":\"https:\/\/www.plataformadenaria.com\/#website\"},\"datePublished\":\"2023-11-07T15:29:12+00:00\",\"inLanguage\":\"en-US\",\"potentialAction\":[{\"@type\":\"ReadAction\",\"target\":[\"https:\/\/www.plataformadenaria.com\/en\/sign-up\/\"]}]},{\"@type\":\"WebSite\",\"@id\":\"https:\/\/www.plataformadenaria.com\/#website\",\"url\":\"https:\/\/www.plataformadenaria.com\/\",\"name\":\"Denaria\",\"description\":\"Plataforma Denaria\",\"potentialAction\":[{\"@type\":\"SearchAction\",\"target\":{\"@type\":\"EntryPoint\",\"urlTemplate\":\"https:\/\/www.plataformadenaria.com\/?s={search_term_string}\"},\"query-input\":{\"@type\":\"PropertyValueSpecification\",\"valueRequired\":true,\"valueName\":\"search_term_string\"}}],\"inLanguage\":\"en-US\"}]}<\/script>\n<!-- \/ Yoast SEO plugin. -->","yoast_head_json":{"title":"Sign up - Denaria","robots":{"index":"index","follow":"follow","max-snippet":"max-snippet:-1","max-image-preview":"max-image-preview:large","max-video-preview":"max-video-preview:-1"},"canonical":"https:\/\/www.plataformadenaria.com\/en\/sign-up\/","og_locale":"en_US","og_type":"article","og_title":"Sign up - Denaria","og_description":"[vc_row el_class=\"section-olive section-bg-logo\"][vc_column el_class=\"container\"][vc_column_text el_class=\"page-title\"] Sign up \u00danete a la nuestra comunidad para que tu voz se oiga lo m\u00e1s fuerte posible. Te haremos llegar las \u00faltimas noticias y actualidad desde la Plataforma Denaria. [\/vc_column_text][\/vc_column][\/vc_row][vc_row][vc_column el_class=\"container\"][vc_row_inner el_class=\"justify-content-center\"][vc_column_inner width=\"2\/3\"][vc_column_text][\/vc_column_text][\/vc_column_inner][\/vc_row_inner][\/vc_column][\/vc_row]","og_url":"https:\/\/www.plataformadenaria.com\/en\/sign-up\/","og_site_name":"Denaria","og_image":[{"width":1200,"height":630,"url":"https:\/\/www.plataformadenaria.com\/wp-content\/uploads\/2021\/09\/fb-share.png","type":"image\/png"}],"twitter_card":"summary_large_image","schema":{"@context":"https:\/\/schema.org","@graph":[{"@type":"WebPage","@id":"https:\/\/www.plataformadenaria.com\/en\/sign-up\/","url":"https:\/\/www.plataformadenaria.com\/en\/sign-up\/","name":"Sign up - Denaria","isPartOf":{"@id":"https:\/\/www.plataformadenaria.com\/#website"},"datePublished":"2023-11-07T15:29:12+00:00","inLanguage":"en-US","potentialAction":[{"@type":"ReadAction","target":["https:\/\/www.plataformadenaria.com\/en\/sign-up\/"]}]},{"@type":"WebSite","@id":"https:\/\/www.plataformadenaria.com\/#website","url":"https:\/\/www.plataformadenaria.com\/","name":"Denaria","description":"Plataforma Denaria","potentialAction":[{"@type":"SearchAction","target":{"@type":"EntryPoint","urlTemplate":"https:\/\/www.plataformadenaria.com\/?s={search_term_string}"},"query-input":{"@type":"PropertyValueSpecification","valueRequired":true,"valueName":"search_term_string"}}],"inLanguage":"en-US"}]}},"_links":{"self":[{"href":"https:\/\/www.plataformadenaria.com\/en\/wp-json\/wp\/v2\/pages\/5022","targetHints":{"allow":["GET"]}}],"collection":[{"href":"https:\/\/www.plataformadenaria.com\/en\/wp-json\/wp\/v2\/pages"}],"about":[{"href":"https:\/\/www.plataformadenaria.com\/en\/wp-json\/wp\/v2\/types\/page"}],"author":[{"embeddable":true,"href":"https:\/\/www.plataformadenaria.com\/en\/wp-json\/wp\/v2\/users\/3"}],"replies":[{"embeddable":true,"href":"https:\/\/www.plataformadenaria.com\/en\/wp-json\/wp\/v2\/comments?post=5022"}],"version-history":[{"count":1,"href":"https:\/\/www.plataformadenaria.com\/en\/wp-json\/wp\/v2\/pages\/5022\/revisions"}],"predecessor-version":[{"id":5023,"href":"https:\/\/www.plataformadenaria.com\/en\/wp-json\/wp\/v2\/pages\/5022\/revisions\/5023"}],"wp:attachment":[{"href":"https:\/\/www.plataformadenaria.com\/en\/wp-json\/wp\/v2\/media?parent=5022"}],"curies":[{"name":"wp","href":"https:\/\/api.w.org\/{rel}","templated":true}]}}